{"id":34,"date":"2012-12-03T18:22:29","date_gmt":"2012-12-03T17:22:29","guid":{"rendered":"http:\/\/www.safran.es\/en\/?page_id=34"},"modified":"2015-04-29T12:27:48","modified_gmt":"2015-04-29T10:27:48","slug":"vibrosphere","status":"publish","type":"page","link":"http:\/\/www.safran.es\/en\/?page_id=34","title":{"rendered":"VIBROSPHERE"},"content":{"rendered":"<p>El Vibrosphere, una plataforma de vibraci\u00f3n y equilibrio.<\/p>\n<p>Nuestro producto principal es el Vibrosphere, que es la segunda generaci\u00f3n de las plataformas de vibraci\u00f3n. La gran diferencia entre nuestro producto y las plataformas tradicionales de vibraci\u00f3n es que en la nuestra se entrena el equilibrio y la propiocepci\u00f3n al mismo tiempo.<\/p>\n<p>El producto es utilizado por personas mayores as\u00ed como deportistas de elite y se utiliza en las cl\u00ednicas de fisioterapia, los gimnasios y los clubes deportivos etc. Se puede utilizar la maquina de forma preventivo o para rehabilitaci\u00f3n.<\/p>\n<p>Beneficios del Vibrosphere:<\/p>\n<p>Articulaciones, M\u00fasculos y Esqueleto.<\/p>\n<ul>\n<li>Fortalece los m\u00fasculos alrededor de las articulaciones as\u00ed como la estabilidad central<\/li>\n<li>Mejora el equilibrio, la coordinaci\u00f3n y la propiocepci\u00f3n<\/li>\n<li>Reduce el dolor en pacientes con fibromialgia y problemas reum\u00e1ticos<\/li>\n<li>Aumenta la fuerza de los huesos (contra osteoporosis)<\/li>\n<li>Previene y reduce el tiempo de rehabilitaci\u00f3n de distorsiones<\/li>\n<li>Neutraliza el calambre y la atrofia muscular<\/li>\n<li>Fortalece los m\u00fasculos en general, especialmente en la parte baja de las piernas<\/li>\n<li>Mejora la postura del cuerpo<\/li>\n<li>Neutraliza la rigidez y facilita la movilidad<\/li>\n<\/ul>\n<p>Circulaci\u00f3n de la sangre.<\/p>\n<ul>\n<li>Aumenta la circulaci\u00f3n de la sangre (pacientes con diabetes, entre otros)<\/li>\n<li>Reduce las grasas y la celulitis<\/li>\n<\/ul>\n<p>El sistema hormonal.<\/p>\n<ul>\n<li>Aumenta el contenido de serotonina en el cuerpo, con efecto calmante<\/li>\n<li>Reduce el contenido del hormona estr\u00e9s cortisol en el cuerpo, con efecto relajante<\/li>\n<\/ul>\n<p><img loading=\"lazy\" decoding=\"async\" class=\"alignnone size-full wp-image-105\" title=\"Vibrosphere\" src=\"http:\/\/www.safran.es\/en\/wp-content\/uploads\/2012\/12\/vibro_content_1.jpg\" alt=\"\" width=\"450\" height=\"299\" srcset=\"http:\/\/www.safran.es\/en\/wp-content\/uploads\/2012\/12\/vibro_content_1.jpg 450w, http:\/\/www.safran.es\/en\/wp-content\/uploads\/2012\/12\/vibro_content_1-300x199.jpg 300w\" sizes=\"(max-width: 450px) 100vw, 450px\" \/><\/p>\n","protected":false},"excerpt":{"rendered":"<p>El Vibrosphere, una plataforma de vibraci\u00f3n y equilibrio. Nuestro producto principal es el Vibrosphere, que es la segunda generaci\u00f3n de las plataformas de vibraci\u00f3n. La gran diferencia entre nuestro producto y las plataformas tradicionales de vibraci\u00f3n es que en la &hellip; <a class=\"more-link\" href=\"http:\/\/www.safran.es\/en\/?page_id=34\">Continue reading <span class=\"meta-nav\">&rarr;<\/span><\/a><\/p>\n","protected":false},"author":1,"featured_media":0,"parent":0,"menu_order":0,"comment_status":"closed","ping_status":"closed","template":"page-altleft.php","meta":{"footnotes":"","_links_to":"","_links_to_target":""},"_links":{"self":[{"href":"http:\/\/www.safran.es\/en\/index.php?rest_route=\/wp\/v2\/pages\/34"}],"collection":[{"href":"http:\/\/www.safran.es\/en\/index.php?rest_route=\/wp\/v2\/pages"}],"about":[{"href":"http:\/\/www.safran.es\/en\/index.php?rest_route=\/wp\/v2\/types\/page"}],"author":[{"embeddable":true,"href":"http:\/\/www.safran.es\/en\/index.php?rest_route=\/wp\/v2\/users\/1"}],"replies":[{"embeddable":true,"href":"http:\/\/www.safran.es\/en\/index.php?rest_route=%2Fwp%2Fv2%2Fcomments&post=34"}],"version-history":[{"count":9,"href":"http:\/\/www.safran.es\/en\/index.php?rest_route=\/wp\/v2\/pages\/34\/revisions"}],"predecessor-version":[{"id":133,"href":"http:\/\/www.safran.es\/en\/index.php?rest_route=\/wp\/v2\/pages\/34\/revisions\/133"}],"wp:attachment":[{"href":"http:\/\/www.safran.es\/en\/index.php?rest_route=%2Fwp%2Fv2%2Fmedia&parent=34"}],"curies":[{"name":"wp","href":"https:\/\/api.w.org\/{rel}","templated":true}]}}